{"id":3437,"date":"2018-05-29T10:36:47","date_gmt":"2018-05-29T08:36:47","guid":{"rendered":"https:\/\/interser.it\/privacy-policy\/"},"modified":"2018-05-29T11:09:02","modified_gmt":"2018-05-29T09:09:02","slug":"privacy-policy","status":"publish","type":"page","link":"https:\/\/interser.it\/it\/privacy-policy\/","title":{"rendered":"Privacy Policy"},"content":{"rendered":"<p><strong><u>INFORMATIVA AI SENSI DELL\u2019ART. 13 DEL REGOLAMENTO EUROPEO 2016\/679<\/u><\/strong><\/p>\n<p>In questa pagina, si descrivono le modalit\u00e0 di gestione del sito in riferimento al trattamento dei dati personali degli utenti che lo consultano, informandoli circa l\u2019utilizzo dei dati inseriti effettuato dal sito stesso. Il trattamento si basa sempre su principi di liceit\u00e0 e correttezza, in ottemperanza alle vigenti normative. A tal fine, vengono adottate idonee misure di sicurezza a protezione dei dati personali. Tale <em>policy privacy<\/em>\u00e8 data come informativa ai sensi dell\u2019art. 13 del Regolamento Europeo 2016\/679 (in seguito chiamato \u201cGDPR\u201d).<\/p>\n<p><strong><u>Titolare Del Trattamento<\/u><\/strong><\/p>\n<p><strong>Il Titolare del trattamento \u00e8 <\/strong>INTER SER S.P.A<em>(<\/em>P. Iva: 01867890020), con sede in Vercelli (VC), Via Verdi, 27 13100),\u00a0 in persona del legale rappresentante <em>pro tempore<\/em>(in seguito, \u201cTitolare\u201d), tel. 0161 218860, Fax: 0161 219662, Email: <a href=\"mailto:interser@interser.it\">interser@interser.it<\/a>, Website: <a href=\"http:\/\/www.interser.it\/\">www.interser.it<\/a><\/p>\n<p>Il Titolare Le fornisce le seguenti informazioni, ai sensi dell\u2019art. 13 del Regolamento UE n. 2016\/679:<\/p>\n<ol>\n<li><strong><u>Dati trattati sul sito, finalit\u00e0 e modalit\u00e0 del trattamento<\/u><\/strong><\/li>\n<\/ol>\n<p>Qui di seguito vengono elencati i tipi di dati trattati e le relative finalit\u00e0:<\/p>\n<p>&nbsp;<\/p>\n<ul>\n<li><strong>Dati di navigazione<\/strong>: i sistemi informatici e le procedure software preposte al funzionamento di questo Sito acquisiscono, nel corso del loro normale esercizio, alcuni dati personali la cui trasmissione \u00e8 implicita nell&#8217;uso dei protocolli di comunicazione di Internet. Si tratta di informazioni che non sono raccolte per essere associate a interessati identificati, ma che per loro stessa natura potrebbero, attraverso elaborazioni ed associazioni con dati detenuti da terzi, permettere di identificare gli utenti. In questa categoria di dati, rientrano gli indirizzi IP o i nomi a dominio dei computer utilizzati dagli utenti che si connettono al Sito, gli indirizzi in notazione URI (Uniform Resource Identifier) delle risorse richieste, l&#8217;orario della richiesta, il metodo utilizzato nel sottoporre la richiesta al server, la dimensione del file ottenuto in risposta, il codice numerico indicante lo stato della risposta data dal server (buon fine, errore, ecc.) ed altri parametri relativi al suo sistema operativo ed al suo ambiente informatico.<\/li>\n<\/ul>\n<p>Questi dati vengono utilizzati al solo fine di ricavare informazioni statistiche anonime sull&#8217;uso del Sito e per controllarne il corretto funzionamento e vengono cancellati immediatamente dopo l&#8217;elaborazione. I dati potrebbero essere utilizzati per l&#8217;accertamento di responsabilit\u00e0 in caso di ipotetici reati informatici ai danni del Sito. I dati di navigazione sono trattati per un legittimo interesse di Inter Ser a garantire la sicurezza del Sito (art. 6, co. 1, let. f) del Regolamento).<\/p>\n<p>&nbsp;<\/p>\n<ul>\n<li><strong>Dati forniti volontariamente dall&#8217;utente<\/strong>: l&#8217;invio facoltativo, esplicito e volontario di posta o posta elettronica agli indirizzi indicati su questo Sito o ai moduli di contatto presenti su questo Sito comporta la successiva acquisizione dell&#8217;indirizzo di posta o posta elettronica del mittente, necessario per rispondere alle richieste, nonch\u00e9 degli eventuali altri dati personali inseriti nella missiva. A parte quanto specificato per i dati di navigazione, Lei \u00e8 libero di fornire i dati personali riportati nei moduli di richiesta di informazioni alla Societ\u00e0 presenti sul Sito. Il loro mancato conferimento pu\u00f2 comportare l&#8217;impossibilit\u00e0 di ottenere quanto richiesto.<\/li>\n<\/ul>\n<p>I <u>dati da Lei immessi nei nostri moduli di richiesta di informazioni saranno da noi trattati al fine esclusivo di poterle fornire le informazioni da lei richieste<\/u>. Nel caso in cui la sua richiesta riguardi l\u2019acquisto dei nostri beni e servizi, tratteremo i suoi dati per dare esecuzione a misure precontrattuali adottate su sua richiesta prima dell\u2019acquisto dei nostri prodotti o servizi (art. 23, co. 1, let. b) del Codice; art. 6, co. 1, let. b) del Regolamento); in ogni altro caso, il Titolare tratter\u00e0 i suoi dati per perseguire il legittimo interesse a comunicare in maniera efficiente con la cliente ed a rispondere ai quesiti che gli sono rivolti (art. 6, co. 1, let. f) del Regolamento). Nel caso in cui Lei dovesse comunicare facoltativamente anche il Suo numero di telefono in aggiunta all\u2019indirizzo di posta elettronica, il titolare contattarla anche telefonicamente per fornirle le informazioni richieste. Il Titolare utilizzer\u00e0 il suo indirizzo di posta elettronica ed il suo numero di telefono solo per fornirle le informazioni richieste, salvo che Lei abbia acconsentito facoltativamente anche al trattamento dei suoi dati personali per le finalit\u00e0 di marketing di cui al successivo punto. Il Titolare la prega di non inviarci in nessun caso dati sensibili (ovvero dati che rivelino l&#8217;origine razziale o etnica, le opinioni politiche, le convinzioni religiose o filosofiche, o l&#8217;appartenenza sindacale, nonch\u00e9 dati genetici, dati biometrici intesi a identificare in modo univoco una persona fisica, dati relativi alla salute o alla vita sessuale o all&#8217;orientamento sessuale della persona).<\/p>\n<p>&nbsp;<\/p>\n<ul>\n<li><strong>Dati acquisti tramite le Vostre telefonate<\/strong>: nel caso in cui Lei dovesse contattare il Titolare tramite il telefono, tratteremo i suoi dati personali da Lei eventualmente comunicatici durante la telefonata solo per fornirle l\u2019assistenza tecnica o le informazioni richieste.<\/li>\n<\/ul>\n<p>&nbsp;<\/p>\n<ul>\n<li><strong>Il Titolare effettua un trattamento dei dati anche per finalit\u00e0 di marketing?<\/strong>Con il Suo consenso (artt. 23, co. 1 e 130 del Codice; art. 6, co. 1, let. a) del Regolamento), il Titolare tratter\u00e0 i suoi dati per finalit\u00e0 di marketing (vendita diretta, invio di materiale pubblicitario, compimento di ricerche di mercato e comunicazione commerciale) e per inviarle via posta, email e telefono con operatore comunicazioni promozionali, offerte e promozioni relative a prodotti e servizi offerti da Inter Ser. In caso di mancato consenso al trattamento dei suoi dati personali per finalit\u00e0 di marketing, la possibilit\u00e0 di formulare una richiesta di informazioni sul Sito, registrarsi al Sito ed effettuare acquisti sul Sito non sar\u00e0 in alcun modo pregiudicata n\u00e9 Lei subir\u00e0 alcun\u2019altra conseguenza pregiudizievole. Lei potr\u00e0 in ogni caso liberamente e gratuitamente revocare il suo consenso al trattamento dei suoi dati personali per finalit\u00e0 di marketing in qualsiasi momento, facendone richiesta a Inter Ser con le modalit\u00e0 indicate al successivo paragrafo 6, anche in maniera selettiva (ad esempio, comunicando la sua volont\u00e0 di non ricevere pi\u00f9 comunicazioni via email o telefono, volendo ricevere soltanto comunicazioni via posta). In relazione alle comunicazioni promozionali inviate via email, Lei potr\u00e0 revocare il suo consenso al trattamento del suo indirizzo email per finalit\u00e0 di marketing anche cliccando sul link di cancellazione (opt-out) presente in ciascuna email promozionale.<\/li>\n<\/ul>\n<p>&nbsp;<\/p>\n<p>Il trattamento dei suoi dati personali sar\u00e0 effettuato mediante strumenti manuali ed informatici, con logiche strettamente correlate alla finalit\u00e0 stesse e, comunque, in modo da garantire la sicurezza e la riservatezza dei dati stessi.<\/p>\n<p>&nbsp;<\/p>\n<ol start=\"2\">\n<li><strong><u>Base Giuridica<\/u><\/strong><\/li>\n<\/ol>\n<p><strong>Il trattamento dei dati personali da Lei forniti ha, quale base giuridica ai sensi dell\u2019art. 6 GDPR, il consenso. <\/strong><strong>Con l&#8217;uso o la consultazione del presente sito, i visitatori e gli utenti approvano la presente informativa privacy e acconsentono al trattamento dei loro dati personali in relazione alle modalit\u00e0 e alle finalit\u00e0 di seguito descritte:<\/strong><\/p>\n<ol>\n<li><strong>Concludere i contratti per i servizi offerti dal titolare;<\/strong><\/li>\n<li><strong>Adempiere agli obblighi previsti dalla legge (come ad esempio la normativa anti riciclaggio)<\/strong><\/li>\n<li><strong>Esercitare i diritti del titolare (ad esempio il diritto di difesa in giudizio);<\/strong><\/li>\n<\/ol>\n<p><strong><br \/>\nSi precisa che tali dati non sono <u>mai utilizzati per l&#8217;identificazione o la profilazione dell&#8217;utente<\/u>, ma solo a fini di tutela del sito e dei suoi utenti.<\/strong><\/p>\n<p><strong>Il sito permette di compilare il \u201c<u>Modulo di contatto<\/u>\u201d; in questo caso, rileva automaticamente e registra alcuni\u00a0dati identificativi dell&#8217;utente, compreso l\u2019indirizzo mail. Tali dati si intendono\u00a0volontariamente forniti dall&#8217;utente al momento della sua richiesta di contatto: pertanto, \u00a0inserendo un commento o altra informazione, l&#8217;utente accetta automaticamente l&#8217;informativa privacy.<\/strong><\/p>\n<p>Inoltre, i dati di navigazione sono trattati per un legittimo interesse Inter Ser a garantire la sicurezza del Sito; peraltro, in caso di comunicazioni, i suoi dati per perseguire il legittimo del Titolare interesse a comunicare in maniera efficiente con la clientela ed a rispondere ai quesiti che gli sono rivolti.<\/p>\n<ol start=\"3\">\n<li><strong><u>Destinatari<\/u><\/strong><\/li>\n<\/ol>\n<p><strong>L\u2019utente, utilizzando il sito, acconsente che i dati trattati vengano comunicati dal Titolare ai seguenti destinatari:<\/strong><\/p>\n<ul>\n<li><strong>Soggetti che agiscono in qualit\u00e0 di responsabili del trattamento, quali persone fisiche o giuridiche che prestano attivit\u00e0 di assistenza e consulenza (come, ad esempio, soggetti delegati a svolgere attivit\u00e0 di manutenzione tecnica);<\/strong><\/li>\n<li><strong>Soggetti con i quali Il Titolare interagisce per l\u2019erogazione di servizi; <\/strong><\/li>\n<li><strong>Soggetti, enti od autorit\u00e0 verso cui il Titolare sia obbligato a comunicare i Suoi dati personali in forza di disposizione di legge o di ordini delle autorit\u00e0.<\/strong><\/li>\n<\/ul>\n<p><strong>\u00a0<\/strong><\/p>\n<p><strong>\u00a0<\/strong><\/p>\n<ol start=\"4\">\n<li><strong><u>Trasferimento dei dati<\/u><\/strong><\/li>\n<\/ol>\n<p><strong>I Suoi dati personali sono conservati presso la sede legale di Inter Ser., all\u2019interno dell\u2019Unione Europea. In ogni caso, il Titolare assicura che l\u2019eventuale futuro trasferimento dei Suoi dati presso un Paese od una organizzazione extra-UE avverr\u00e0 in conformit\u00e0 alle disposizioni di legge ed, in particolare, in conformit\u00e0 al Capo V del Regolamento UE 2016\/679, il cui dettato impone, quale requisiti fondamentali, che il trasferimento debba avvenire o sulla base di una decisone di adeguatezza (art. 45 GDPR) o sulla base delle garanzie che il soggetto destinatario abbia assicurato (art. 46 GDPR).<\/strong><\/p>\n<p><strong>\u00a0<\/strong><\/p>\n<ol start=\"5\">\n<li><strong><u>Tempo di conservazione<\/u><\/strong><\/li>\n<\/ol>\n<p><strong>I dati personali sono trattati per il tempo necessario allo svolgimento del servizio richiesto dall\u2019Utente ed, in ogni caso, per il tempo strettamente necessario al perseguimento delle finalit\u00e0 descritte al punto 2.<\/strong><\/p>\n<ol start=\"6\">\n<li><strong><u>Diritti<\/u><\/strong><\/li>\n<\/ol>\n<p><strong>Lei ha il potere di esercitare i seguenti diritti:<\/strong><\/p>\n<p><strong>\u00a0<\/strong><\/p>\n<ul>\n<li><strong>Diritto di<\/strong><strong>accesso, <\/strong><strong>ovverosia il diritto di chiedere al Titolare conferma che sia o meno in corso un trattamento di dati personali che La riguardano, ottenendo tutte le informazioni indicate all\u2019art. 15 GDPR (es. finalit\u00e0 del trattamento, categorie di dati personali trattati ecc);<\/strong><\/li>\n<\/ul>\n<p><strong>\u00a0<\/strong><\/p>\n<ul>\n<li><strong>Diritto di chiedere la <\/strong><strong>rettifica<\/strong><strong>di dati inesatti o richiederne l\u2019integrazione, qualora essi siano incompleti (art. 16 GDPR);<\/strong><\/li>\n<\/ul>\n<p><strong>\u00a0<\/strong><\/p>\n<ul>\n<li><strong>Diritto di ottenere la <\/strong><strong>cancellazione<\/strong><strong>dei dati personali, qualora ricorra uno dei motivi indicati all\u2019art. 17 GDPR (ad esempio, i dati non sono pi\u00f9 necessari rispetto alle finalit\u00e0 per le quali sono stati raccolti o altrimenti trattati); <\/strong><\/li>\n<\/ul>\n<p><strong>\u00a0<\/strong><\/p>\n<ul>\n<li><strong>Diritto di ottenere la <\/strong><strong>limitazione del trattamento<\/strong><strong>nelle ipotesi indicate all\u2019art. 18 GDPR (ad esempio, qualora si contesti l\u2019esattezza dei dati personali o qualora si ritenga che il trattamento sia illecito);<\/strong><\/li>\n<\/ul>\n<p><strong>\u00a0<\/strong><\/p>\n<ul>\n<li><strong>Diritto di<\/strong><strong>ricevere<\/strong><strong>i dati personali che lo riguardano, in un formato strutturato, di uso comune e leggibile, da dispositivo automatico, <\/strong><strong>al fine di trasmettere gli stessi ad un altro titolare<\/strong><strong>, senza impedimenti da parte del primo titolare a cui li ha in origine forniti. Tale diritto \u00e8 esercitabile qualora il trattamento sia effettuato con mezzi automatizzati e si basi sul consenso o su un contratto (diritto alla <\/strong><strong>portabillit\u00e0 dei dati<\/strong><strong>, <em>ex<\/em> 20 GDPR); <\/strong><\/li>\n<\/ul>\n<p><strong>\u00a0<\/strong><\/p>\n<ul>\n<li><strong>Diritto di<\/strong><strong>opporsi,<\/strong><strong>ai sensi dell\u2019art 21 GDPR, <\/strong>in qualsiasi momento, al trattamento dei dati personali che lo riguardano, qualora:\n<ul>\n<li>il trattamento sia necessario per l\u2019esecuzione di un compito di interesse pubblico o connesso all\u2019esercizio di pubblici poteri di cui \u00e8 investito il titolare, oppure \u00e8 necessario per il perseguimento di un legittimo interesse del titolare (cfr. l\u2019art. 6 par. 1 lett. e) e f)), compresi i casi in cui con tale trattamento sia effettuata la profilazione. In caso di opposizione, il titolare del trattamento si asterr\u00e0 dal trattare ulteriormente i dati personali, salvo che egli dimostri, da una parte, l\u2019esistenza di motivi legittimi cogenti che prevalgono sugli interessi, sui diritti e sulle libert\u00e0 dell\u2019interessato, dall\u2019altra, la necessit\u00e0 di accertare, esecitare o difendere un diritto in sede giudiziaria;<\/li>\n<li>i dati personali siano trattati per finalit\u00e0 di marketing diretto, compresa la profilazione nella misura in cui sia ad esso connessa. In questo caso, i dati personali non saranno pi\u00f9 oggetto di trattamento per tali finalit\u00e0 (art. 21 GDPR);<\/li>\n<\/ul>\n<\/li>\n<\/ul>\n<p>&nbsp;<\/p>\n<ul>\n<li><strong>Diritto di proporre<\/strong><strong>reclamo<\/strong><strong>ad un\u2019autorit\u00e0 di controllo (Garante per la protezione dei dati personali: <\/strong><a href=\"http:\/\/www.garanteprivacy.it\/web\/guest\/home\">http:\/\/www.garanteprivacy.it\/web\/guest\/home<\/a><strong>);<\/strong><\/li>\n<\/ul>\n<p><strong>\u00a0<\/strong><\/p>\n<ul>\n<li><strong>Diritto di<\/strong><strong>revocare il consenso<\/strong><strong>in qualsiasi momento, senza pregiudicare la liceit\u00e0 del trattamento basata sul consenso prestato prima della revoca.<\/strong><\/li>\n<\/ul>\n<ol start=\"7\">\n<li><strong><u>Obbligo di comunicazione<\/u><\/strong><\/li>\n<\/ol>\n<p><strong>La comunicazione dei dati personali costituisce un requisito necessario per la conclusione di un contratto<\/strong><\/p>\n<p><strong>\u00a0<\/strong><\/p>\n<p><strong>\u00a0<\/strong><\/p>\n<p>&nbsp;<\/p>\n","protected":false},"excerpt":{"rendered":"<p>INFORMATIVA AI SENSI DELL\u2019ART. 13 DEL REGOLAMENTO EUROPEO 2016\/679 In questa pagina, si descrivono le modalit\u00e0 di gestione del sito in riferimento al trattamento dei dati personali degli utenti che lo consultano, informandoli circa l\u2019utilizzo dei dati inseriti effettuato dal sito stesso. Il trattamento si basa sempre su principi di liceit\u00e0 e correttezza, in ottemperanza [&hellip;]<\/p>\n","protected":false},"author":2,"featured_media":0,"parent":0,"menu_order":0,"comment_status":"closed","ping_status":"closed","template":"","meta":{"_acf_changed":false,"footnotes":""},"class_list":["post-3437","page","type-page","status-publish","hentry"],"acf":[],"_links":{"self":[{"href":"https:\/\/interser.it\/it\/wp-json\/wp\/v2\/pages\/3437","targetHints":{"allow":["GET"]}}],"collection":[{"href":"https:\/\/interser.it\/it\/wp-json\/wp\/v2\/pages"}],"about":[{"href":"https:\/\/interser.it\/it\/wp-json\/wp\/v2\/types\/page"}],"author":[{"embeddable":true,"href":"https:\/\/interser.it\/it\/wp-json\/wp\/v2\/users\/2"}],"replies":[{"embeddable":true,"href":"https:\/\/interser.it\/it\/wp-json\/wp\/v2\/comments?post=3437"}],"version-history":[{"count":3,"href":"https:\/\/interser.it\/it\/wp-json\/wp\/v2\/pages\/3437\/revisions"}],"predecessor-version":[{"id":3446,"href":"https:\/\/interser.it\/it\/wp-json\/wp\/v2\/pages\/3437\/revisions\/3446"}],"wp:attachment":[{"href":"https:\/\/interser.it\/it\/wp-json\/wp\/v2\/media?parent=3437"}],"curies":[{"name":"wp","href":"https:\/\/api.w.org\/{rel}","templated":true}]}}